{"id":68,"date":"2022-06-30T16:55:11","date_gmt":"2022-06-30T16:55:11","guid":{"rendered":"https:\/\/www.cartopap.com\/web\/?page_id=68"},"modified":"2022-06-30T18:06:01","modified_gmt":"2022-06-30T18:06:01","slug":"inicio2","status":"publish","type":"page","link":"https:\/\/www.cartopap.com\/web\/","title":{"rendered":"Inicio"},"content":{"rendered":"\t\t<div data-elementor-type=\"wp-page\" data-elementor-id=\"68\" class=\"elementor elementor-68\">\n\t\t\t\t\t\t\t\t\t<section class=\"elementor-section elementor-top-section elementor-element elementor-element-693822b elementor-section-boxed elementor-section-height-default elementor-section-height-default\" data-id=\"693822b\" data-element_type=\"section\">\n\t\t\t\t\t\t<div class=\"elementor-container elementor-column-gap-default\">\n\t\t\t\t\t<div class=\"elementor-column elementor-col-100 elementor-top-column elementor-element elementor-element-381310cc\" data-id=\"381310cc\" data-element_type=\"column\">\n\t\t\t<div class=\"elementor-widget-wrap elementor-element-populated\">\n\t\t\t\t\t\t\t\t<div class=\"elementor-element elementor-element-517d0728 elementor-invisible elementor-widget elementor-widget-text-editor\" data-id=\"517d0728\" data-element_type=\"widget\" data-settings=\"{&quot;_animation&quot;:&quot;zoomIn&quot;}\" data-widget_type=\"text-editor.default\">\n\t\t\t\t<div class=\"elementor-widget-container\">\n\t\t\t<style>\/*! elementor - v3.6.7 - 03-07-2022 *\/\n.elementor-widget-text-editor.elementor-drop-cap-view-stacked .elementor-drop-cap{background-color:#818a91;color:#fff}.elementor-widget-text-editor.elementor-drop-cap-view-framed .elementor-drop-cap{color:#818a91;border:3px solid;background-color:transparent}.elementor-widget-text-editor:not(.elementor-drop-cap-view-default) .elementor-drop-cap{margin-top:8px}.elementor-widget-text-editor:not(.elementor-drop-cap-view-default) .elementor-drop-cap-letter{width:1em;height:1em}.elementor-widget-text-editor .elementor-drop-cap{float:left;text-align:center;line-height:1;font-size:50px}.elementor-widget-text-editor .elementor-drop-cap-letter{display:inline-block}<\/style>\t\t\t\t<p><!-- wp:paragraph --><\/p>\n<h1 style=\"text-align: center;\"><strong><span style=\"color: #339966;\">Agente de f\u00e1bricas europeas de<\/span><\/strong><\/h1>\n<h1 style=\"text-align: center;\"><strong><span style=\"color: #339966;\">papel y cart\u00f3n<\/span><\/strong><\/h1>\n<h1 style=\"text-align: center;\"><strong><span style=\"color: #339966;\">para el mercado espa\u00f1ol<\/span><\/strong><\/h1>\n<p><!-- \/wp:paragraph --><\/p>\t\t\t\t\t\t<\/div>\n\t\t\t\t<\/div>\n\t\t\t\t\t<\/div>\n\t\t<\/div>\n\t\t\t\t\t\t\t<\/div>\n\t\t<\/section>\n\t\t\t\t\t\t\t<\/div>\n\t\t","protected":false},"excerpt":{"rendered":"<p>Agente de f\u00e1bricas europeas de papel y cart\u00f3n para el mercado espa\u00f1ol<\/p>\n","protected":false},"author":1,"featured_media":0,"parent":0,"menu_order":0,"comment_status":"closed","ping_status":"closed","template":"","meta":[],"_links":{"self":[{"href":"https:\/\/www.cartopap.com\/web\/wp-json\/wp\/v2\/pages\/68"}],"collection":[{"href":"https:\/\/www.cartopap.com\/web\/wp-json\/wp\/v2\/pages"}],"about":[{"href":"https:\/\/www.cartopap.com\/web\/wp-json\/wp\/v2\/types\/page"}],"author":[{"embeddable":true,"href":"https:\/\/www.cartopap.com\/web\/wp-json\/wp\/v2\/users\/1"}],"replies":[{"embeddable":true,"href":"https:\/\/www.cartopap.com\/web\/wp-json\/wp\/v2\/comments?post=68"}],"version-history":[{"count":17,"href":"https:\/\/www.cartopap.com\/web\/wp-json\/wp\/v2\/pages\/68\/revisions"}],"predecessor-version":[{"id":154,"href":"https:\/\/www.cartopap.com\/web\/wp-json\/wp\/v2\/pages\/68\/revisions\/154"}],"wp:attachment":[{"href":"https:\/\/www.cartopap.com\/web\/wp-json\/wp\/v2\/media?parent=68"}],"curies":[{"name":"wp","href":"https:\/\/api.w.org\/{rel}","templated":true}]}}