{"id":35,"date":"2022-06-30T15:35:30","date_gmt":"2022-06-30T15:35:30","guid":{"rendered":"https:\/\/www.cartopap.com\/web\/?page_id=35"},"modified":"2022-07-06T05:38:42","modified_gmt":"2022-07-06T05:38:42","slug":"politica-de-privacidad","status":"publish","type":"page","link":"https:\/\/www.cartopap.com\/web\/politica-de-privacidad\/","title":{"rendered":"Pol\u00edtica de privacidad"},"content":{"rendered":"\t\t<div data-elementor-type=\"wp-page\" data-elementor-id=\"35\" class=\"elementor elementor-35\">\n\t\t\t\t\t\t\t\t\t<section class=\"elementor-section elementor-top-section elementor-element elementor-element-707b3573 elementor-section-boxed elementor-section-height-default elementor-section-height-default\" data-id=\"707b3573\" data-element_type=\"section\">\n\t\t\t\t\t\t<div class=\"elementor-container elementor-column-gap-default\">\n\t\t\t\t\t<div class=\"elementor-column elementor-col-100 elementor-top-column elementor-element elementor-element-799e3ee1\" data-id=\"799e3ee1\" data-element_type=\"column\">\n\t\t\t<div class=\"elementor-widget-wrap elementor-element-populated\">\n\t\t\t\t\t\t\t\t<div class=\"elementor-element elementor-element-5912f789 elementor-widget elementor-widget-text-editor\" data-id=\"5912f789\" data-element_type=\"widget\" data-widget_type=\"text-editor.default\">\n\t\t\t\t<div class=\"elementor-widget-container\">\n\t\t\t<style>\/*! elementor - v3.6.7 - 03-07-2022 *\/\n.elementor-widget-text-editor.elementor-drop-cap-view-stacked .elementor-drop-cap{background-color:#818a91;color:#fff}.elementor-widget-text-editor.elementor-drop-cap-view-framed .elementor-drop-cap{color:#818a91;border:3px solid;background-color:transparent}.elementor-widget-text-editor:not(.elementor-drop-cap-view-default) .elementor-drop-cap{margin-top:8px}.elementor-widget-text-editor:not(.elementor-drop-cap-view-default) .elementor-drop-cap-letter{width:1em;height:1em}.elementor-widget-text-editor .elementor-drop-cap{float:left;text-align:center;line-height:1;font-size:50px}.elementor-widget-text-editor .elementor-drop-cap-letter{display:inline-block}<\/style>\t\t\t\t<p><\/p>\n<p><em><font color=\"#737373\"><font face=\"Source Sans Pro\"><font style=\"font-size: 11pt\" size=\"3\"><b>Protecci\u00f3n de datos de car\u00e1cter personal seg\u00fan la LOPD-GDD<\/b><\/font><\/font><\/font><\/em><\/p>\n<p><em><font color=\"#737373\"><font face=\"Source Sans Pro\"><font style=\"font-size: 11pt\" size=\"3\">Cartopap,en aplicaci\u00f3n de la normativa vigente en materia de protecci\u00f3n de datos de car\u00e1cter personal, informa que los datos personales que se recogen a trav\u00e9s de los formularios del Sitio web: <\/font><\/font><\/font><\/em><em><font color=\"#737373\"><font face=\"Source Sans Pro\"><font style=\"font-size: 11pt\" size=\"3\">www.cartopap.com<\/font><\/font><\/font><\/em><em><font color=\"#737373\"><font face=\"Source Sans Pro\"><font style=\"font-size: 11pt\" size=\"3\">, se incluyen en los ficheros automatizados espec\u00edficos de usuarios de los servicios de Cartopap.<\/font><\/font><\/font><\/em><\/p>\n<p><em><font color=\"#737373\"><font face=\"Source Sans Pro\"><font style=\"font-size: 11pt\" size=\"3\">La recogida y tratamiento automatizado de los datos de car\u00e1cter personal tiene como finalidad el mantenimiento de la relaci\u00f3n comercial y el desempe\u00f1o de tareas de informaci\u00f3n, formaci\u00f3n,asesoramiento y otras actividades propias de Cartopap<\/font><\/font><\/font><\/em><\/p>\n<p><em><font color=\"#737373\"><font face=\"Source Sans Pro\"><font style=\"font-size: 11pt\" size=\"3\">Estos datos \u00fanicamente ser\u00e1n cedidos a aquellas entidades que sean necesarias con el \u00fanico objetivo de dar<\/font><\/font><\/font><\/em><font color=\"#737373\"><font face=\"Source Sans Pro\"><font style=\"font-size: 11pt\" size=\"3\"> <\/font><\/font><\/font><em><font color=\"#737373\"><font face=\"Source Sans Pro\"><font style=\"font-size: 11pt\" size=\"3\">cumplimiento a la finalidad anteriormente expuesta.<\/font><\/font><\/font><\/em><\/p>\n<p><em><font color=\"#737373\"><font face=\"Source Sans Pro\"><font style=\"font-size: 11pt\" size=\"3\">Cartopap adopta las medidas necesarias para garantizar la seguridad, integridad y confidencialidad de los datos conforme a lo dispuesto en el Reglamento (UE) 2016\/679 del Parlamento Europeo y del Consejo, de 27 de abril de 2016, relativo a la protecci\u00f3n de las personas f\u00edsicas en lo que respecta al tratamiento de datos personales y a la libre circulaci\u00f3n de los mismos.<\/font><\/font><\/font><\/em><\/p>\n<p><em><font color=\"#737373\"><font face=\"Source Sans Pro\"><font style=\"font-size: 11pt\" size=\"3\">El usuario podr\u00e1 en cualquier momento ejercitar los derechos de acceso, oposici\u00f3n, rectificaci\u00f3n y cancelaci\u00f3n <\/font><\/font><\/font><\/em><em><font color=\"#737373\"><font face=\"Source Sans Pro\"><font style=\"font-size: 11pt\" size=\"3\">reconocidos en el citado Reglamento (UE). El ejercicio de estos derechos puede realizarlo el propio usuario a trav\u00e9s de email a: <\/font><\/font><\/font><\/em><em><font color=\"#737373\"><font face=\"Source Sans Pro\"><font style=\"font-size: 11pt\" size=\"3\">cartopap@cartopap.com.<\/font><\/font><\/font><\/em><\/p>\n<p><em><font color=\"#737373\"><font face=\"Source Sans Pro\"><font style=\"font-size: 11pt\" size=\"3\">El usuario manifiesta que todos los datos facilitados por \u00e9l son ciertos y correctos, y se compromete a mantenerlos <\/font><\/font><\/font><\/em><em><font color=\"#737373\"><font face=\"Source Sans Pro\"><font style=\"font-size: 11pt\" size=\"3\">actualizados, comunicando los cambios a Cartopa<\/font><\/font><\/font><\/em><em><font color=\"#737373\"><font face=\"Source Sans Pro\"><font style=\"font-size: 11pt\" size=\"3\">p.<\/font><\/font><\/font><\/em><\/p>\n<p><em><font color=\"#737373\"><font face=\"Source Sans Pro\"><font style=\"font-size: 11pt\" size=\"3\"><b>Finalidad del tratamiento de los datos personales:<\/b><\/font><\/font><\/font><\/em><\/p>\n<p><em><font color=\"#737373\"><font face=\"Source Sans Pro\"><font style=\"font-size: 11pt\" size=\"3\">\u00bfCon qu\u00e9 finalidad trataremos tus datos personales?<\/font><\/font><\/font><\/em><font color=\"#737373\"><font face=\"Source Sans Pro\"><font style=\"font-size: 11pt\" size=\"3\"><br><\/font><\/font><\/font><em><font color=\"#737373\"><font face=\"Source Sans Pro\"><font style=\"font-size: 11pt\" size=\"3\">En Cartopap, trataremos tus datos personales recabados a trav\u00e9s del sitio web <\/font><\/font><\/font><\/em><em><font color=\"#737373\"><font face=\"Source Sans Pro\"><font style=\"font-size: 11pt\" size=\"3\">cartopap.com con las siguientes finalidades:<\/font><\/font><\/font><\/em><\/p>\n<p><em><font color=\"#737373\"><font face=\"Source Sans Pro\"><font style=\"font-size: 11pt\" size=\"3\">1.En caso de contrataci\u00f3n de los bienes y servicios ofertados a trav\u00e9s de Cartopap, para mantener la relaci\u00f3n contractual, as\u00ed como la<br>gesti\u00f3n, administraci\u00f3n, informaci\u00f3n, prestaci\u00f3n y mejora del servicio.<\/font><\/font><\/font><\/em><\/p>\n<p><em><font color=\"#737373\"><font face=\"Source Sans Pro\"><font style=\"font-size: 11pt\" size=\"3\">2.Env\u00edo de informaci\u00f3n solicitada a trav\u00e9s de los formularios dispuestos en <\/font><\/font><\/font><\/em><em><font color=\"#737373\"><font face=\"Source Sans Pro\"><font style=\"font-size: 11pt\" size=\"3\">Cartopap.<\/font><\/font><\/font><\/em><\/p>\n<p><em><font color=\"#737373\"><font face=\"Source Sans Pro\"><font style=\"font-size: 11pt\" size=\"3\">3.Remitir boletines (newsletters), as\u00ed como comunicaciones comerciales de promociones y\/o publicidad de <\/font><\/font><\/font><\/em><em><font color=\"#737373\"><font face=\"Source Sans Pro\"><font style=\"font-size: 11pt\" size=\"3\">Cartopap y del sector.<\/font><\/font><\/font><\/em><\/p>\n<p><em><font color=\"#737373\"><font face=\"Source Sans Pro\"><font style=\"font-size: 11pt\" size=\"3\">Te recordamos que puedes oponerte al env\u00edo de comunicaciones comerciales por cualquier v\u00eda y en cualquier momento, remitiendo un correo electr\u00f3nico a la direcci\u00f3n indicada anteriormente.<\/font><\/font><\/font><\/em><\/p>\n<p><em><font color=\"#737373\"><font face=\"Source Sans Pro\"><font style=\"font-size: 11pt\" size=\"3\">Los campos de dichos registros son de cumplimentaci\u00f3n obligatoria, siendo imposible realizar las finalidades expresadas si no se aportan esos datos.<\/font><\/font><\/font><\/em><\/p>\n<p><em><font color=\"#737373\"><font face=\"Source Sans Pro\"><font style=\"font-size: 11pt\" size=\"3\"><b>\u00bfPor cu\u00e1nto tiempo se conservan los datos personales recabados?<\/b><\/font><\/font><\/font><\/em><\/p>\n<p><em><font color=\"#737373\"><font face=\"Source Sans Pro\"><font style=\"font-size: 11pt\" size=\"3\">Los datos personales proporcionados se conservar\u00e1n mientras se mantenga la relaci\u00f3n comercial o no solicites su <\/font><\/font><\/font><\/em><em><font color=\"#737373\"><font face=\"Source Sans Pro\"><font style=\"font-size: 11pt\" size=\"3\">supresi\u00f3n<br>y durante el plazo por el cu\u00e1l pudieran derivarse responsabilidades legales por los servicios prestados.<\/font><\/font><\/font><\/em><font color=\"#737373\"><font face=\"Source Sans Pro\"><font style=\"font-size: 11pt\" size=\"3\"><br><\/font><\/font><\/font><em><font color=\"#737373\"><font face=\"Source Sans Pro\"><font style=\"font-size: 11pt\" size=\"3\">Legitimaci\u00f3n:<\/font><\/font><\/font><\/em><\/p>\n<p><em><font color=\"#737373\"><font face=\"Source Sans Pro\"><font style=\"font-size: 11pt\" size=\"3\">El tratamiento de tus datos se realiza con las siguientes bases jur\u00eddicas que legitiman el mismo:<\/font><\/font><\/font><\/em><\/p>\n<p><em><font color=\"#737373\"><font face=\"Source Sans Pro\"><font style=\"font-size: 11pt\" size=\"3\">1.La solicitud de informaci\u00f3n y\/o la contrataci\u00f3n de los servicios de <\/font><\/font><\/font><\/em><em><font color=\"#737373\"><font face=\"Source Sans Pro\"><font style=\"font-size: 11pt\" size=\"3\">Cartopap<\/font><\/font><\/font><\/em><em><font color=\"#737373\"><font face=\"Source Sans Pro\"><font style=\"font-size: 11pt\" size=\"3\"> cuyos <\/font><\/font><\/font><\/em><em><font color=\"#737373\"><font face=\"Source Sans Pro\"><font style=\"font-size: 11pt\" size=\"3\">t\u00e9rminos y condiciones se pondr\u00e1n a tu disposici\u00f3n en todo caso, de forma previa a una eventual contrataci\u00f3n.<\/font><\/font><\/font><\/em><\/p>\n<p><em><font color=\"#737373\"><font face=\"Source Sans Pro\"><font style=\"font-size: 11pt\" size=\"3\">2.El consentimiento libre, espec\u00edfico, informado e inequ\u00edvoco, en tanto que te informamos poniendo a tu disposici\u00f3n la presente pol\u00edtica de privacidad, que tras la lectura de la misma, en caso de estar conforme, puedes aceptar mediante una declaraci\u00f3n o una clara acci\u00f3n afirmativa, como el marcado de una casilla dispuesta al efecto.<\/font><\/font><\/font><\/em><\/p>\n<p><em><font color=\"#737373\"><font face=\"Source Sans Pro\"><font style=\"font-size: 11pt\" size=\"3\">En caso de que no nos facilites tus datos o lo hagas de forma err\u00f3nea o incompleta, no podremos atender tu solicitud, resultando del todo imposible proporcionarte la informaci\u00f3n solicitada o llevar a cabo la contrataci\u00f3n de los servicios.<\/font><\/font><\/font><\/em><\/p>\n<p><em><font color=\"#737373\"><font face=\"Source Sans Pro\"><font style=\"font-size: 11pt\" size=\"3\"><b>Destinatarios:<\/b><\/font><\/font><\/font><\/em><\/p>\n<p><em><font color=\"#737373\"><font face=\"Source Sans Pro\"><font style=\"font-size: 11pt\" size=\"3\">Los datos no se comunicar\u00e1n a ning\u00fan tercero ajeno a Cartopa<\/font><\/font><\/font><\/em><em><font color=\"#737373\"><font face=\"Source Sans Pro\"><font style=\"font-size: 11pt\" size=\"3\">p<\/font><\/font><\/font><\/em><em><font color=\"#737373\"><font face=\"Source Sans Pro\"><font style=\"font-size: 11pt\" size=\"3\">, salvo obligaci\u00f3n legal.<\/font><\/font><\/font><\/em><\/p>\n<p><em><font color=\"#737373\"><font face=\"Source Sans Pro\"><font style=\"font-size: 11pt\" size=\"3\"><b>Datos recopilados por usuarios de los servicios<\/b><\/font><\/font><\/font><\/em><\/p>\n<p><em><font color=\"#737373\"><font face=\"Source Sans Pro\"><font style=\"font-size: 11pt\" size=\"3\">En los casos en que el usuario incluya ficheros con datos de car\u00e1cter personal en los servidores de alojamiento compartido, Cartopap no se hace responsable del incumplimiento por parte del usuario del RGPD.<\/font><\/font><\/font><\/em><\/p>\n<p><em><font color=\"#737373\"><font face=\"Source Sans Pro\"><font style=\"font-size: 11pt\" size=\"3\"><b>Retenci\u00f3n de datos en conformidad a la LSSI<\/b><\/font><\/font><\/font><\/em><\/p>\n<p><em><font color=\"#737373\"><font face=\"Source Sans Pro\"><font style=\"font-size: 11pt\" size=\"3\">Cartopap informa de que, como prestador de servicio de alojamiento de datos y en virtud de lo establecido en la Ley 34\/2002 de 11 de julio de Servicios de la Sociedad de la Informaci\u00f3n y de Comercio Electr\u00f3nico (LSSI), retiene por un periodo m\u00e1ximo de 12 meses la informaci\u00f3n imprescindible para identificar el origen de los datos alojados y el momento en que se inici\u00f3 la prestaci\u00f3n del servicio. La retenci\u00f3n de estos datos no afecta al secreto de las comunicaciones y s\u00f3lo podr\u00e1n ser utilizados en el marco de una investigaci\u00f3n criminal o para la salvaguardia de la seguridad p\u00fablica, poni\u00e9ndose a disposici\u00f3n de los jueces y\/o tribunales o del Ministerio que as\u00ed los requiera.<\/font><\/font><\/font><\/em><\/p>\n<p><em><font color=\"#737373\"><font face=\"Source Sans Pro\"><font style=\"font-size: 11pt\" size=\"3\">La comunicaci\u00f3n de datos a las Fuerzas y Cuerpos del Estado se har\u00e1 en virtud a lo dispuesto en la normativa sobre protecci\u00f3n de datos personales.<\/font><\/font><\/font><\/em><\/p>\n<p><em><font color=\"#737373\"><font face=\"Source Sans Pro\"><font style=\"font-size: 11pt\" size=\"3\"><b>Derechos. <br><\/b><\/font><\/font><\/font><\/em><\/p>\n<p><em><font color=\"#737373\"><font face=\"Source Sans Pro\"><font style=\"font-size: 11pt\" size=\"3\"><b>Propiedad intelectual Cartopap<\/b><\/font><\/font><\/font><\/em><\/p>\n<p><em><font color=\"#737373\"><font face=\"Source Sans Pro\"><font style=\"font-size: 11pt\" size=\"3\">Cartopap es titular de todos los derechos de autor, propiedad intelectual, industrial, \u201cknow how\u201d y cuantos otros derechos guardan relaci\u00f3n con los contenidos del sitio web y los servicios ofertados en el mismo, as\u00ed como de los programas necesarios para su implementaci\u00f3n y la informaci\u00f3n relacionada.<\/font><\/font><\/font><\/em><\/p>\n<p><em><font color=\"#737373\"><font face=\"Source Sans Pro\"><font style=\"font-size: 11pt\" size=\"3\">No se permite la reproducci\u00f3n, publicaci\u00f3n y\/o uso no estrictamente privado de los contenidos, totales o parciales, del sitio web Cartopap sin el consentimiento previo y por escrito. <br><\/font><\/font><\/font><\/em><\/p>\n<p><em><font color=\"#737373\"><font face=\"Source Sans Pro\"><font style=\"font-size: 11pt\" size=\"3\"><b>Propiedad intelectual del software<\/b><\/font><\/font><\/font><\/em><\/p>\n<p><em><font color=\"#737373\"><font face=\"Source Sans Pro\"><font style=\"font-size: 11pt\" size=\"3\">El usuario debe respetar los programas de terceros puestos a su disposici\u00f3n por Cartopap, aun siendo gratuitos y\/o de disposici\u00f3n p\u00fablica.<\/font><\/font><\/font><\/em><\/p>\n<p><em><font color=\"#737373\"><font face=\"Source Sans Pro\"><font style=\"font-size: 11pt\" size=\"3\">Cartopap dispone de los derechos de explotaci\u00f3n y propiedad intelectual necesarios del software.<\/font><\/font><\/font><\/em><\/p>\n<p><em><font color=\"#737373\"><font face=\"Source Sans Pro\"><font style=\"font-size: 11pt\" size=\"3\">El usuario no adquiere derecho alguno o licencia por el servicio contratado, sobre el software necesario para la prestaci\u00f3n del servicio, ni tampoco sobre la informaci\u00f3n t\u00e9cnica de seguimiento del servicio, excepci\u00f3n hecha de los derechos y licencias necesarios para el cumplimiento de los servicios contratados y \u00fanicamente durante la duraci\u00f3n de los mismos.<\/font><\/font><\/font><\/em><\/p>\n<p><em><font color=\"#737373\"><font face=\"Source Sans Pro\"><font style=\"font-size: 11pt\" size=\"3\">Para toda actuaci\u00f3n que exceda del cumplimiento del contrato, el usuario necesitar\u00e1 autorizaci\u00f3n por escrito por parte de Cartopap, quedando prohibido al usuario acceder, modificar, visualizar la configuraci\u00f3n, estructura y ficheros de los servidores propiedad de Cartopap, asumiendo la responsabilidad civil y penal derivada de cualquier incidencia que se pudiera producir en los servidores y sistemas de seguridad como consecuencia directa de una actuaci\u00f3n negligente o maliciosa por su parte.<\/font><\/font><\/font><\/em><\/p>\n<p><em><font color=\"#737373\"><font face=\"Source Sans Pro\"><font style=\"font-size: 11pt\" size=\"3\"><b>Propiedad intelectual de los contenidos alojados<\/b><\/font><\/font><\/font><\/em><\/p>\n<p><em><font color=\"#737373\"><font face=\"Source Sans Pro\"><font style=\"font-size: 11pt\" size=\"3\">Se proh\u00edbe el uso contrario a la legislaci\u00f3n sobre propiedad intelectual de los servicios prestados por Cartopap y, en particular de:<\/font><\/font><\/font><\/em><\/p>\n<p><em><font color=\"#737373\">\u2022 <\/font><\/em><em><font color=\"#737373\"><font face=\"Source Sans Pro\"><font style=\"font-size: 11pt\" size=\"3\">La utilizaci\u00f3n que resulte contraria a las leyes espa\u00f1olas o que infrinja los derechos de terceros.<\/font><\/font><\/font><\/em><font color=\"#737373\"><font face=\"Source Sans Pro\"><font style=\"font-size: 11pt\" size=\"3\"><br><\/font><\/font><\/font><em><font color=\"#737373\"><font face=\"Source Sans Pro\"><font style=\"font-size: 11pt\" size=\"3\">\u2022La publicaci\u00f3n o la transmisi\u00f3n de cualquier contenido que, a juicio de Cartopap, resulte violento, obsceno, abusivo, ilegal, racial, xen\u00f3fobo o difamatorio.<\/font><\/font><\/font><\/em><font color=\"#737373\"><font face=\"Source Sans Pro\"><font style=\"font-size: 11pt\" size=\"3\"><br><\/font><\/font><\/font><em><font color=\"#737373\"><font face=\"Source Sans Pro\"><font style=\"font-size: 11pt\" size=\"3\">\u2022Los cracks, n\u00fameros de serie de programas o cualquier otro contenido que vulnere derechos de la propiedad intelectual de terceros.<\/font><\/font><\/font><\/em><font color=\"#737373\"><font face=\"Source Sans Pro\"><font style=\"font-size: 11pt\" size=\"3\"><br><\/font><\/font><\/font><em><font color=\"#737373\"><font face=\"Source Sans Pro\"><font style=\"font-size: 11pt\" size=\"3\">\u2022 La recogida y\/o utilizaci\u00f3n de datos personales de otros usuarios sin su consentimiento expreso o contraviniendo lo dispuesto en Reglamento (UE) 2016\/679 del Parlamento Europeo y del Consejo, de 27 de abril de 2016,relativo a la protecci\u00f3n de las personas f\u00edsicas en lo que respecta al tratamiento de datos personales y a la libre<br>circulaci\u00f3n de los mismos.<\/font><\/font><\/font><\/em><font color=\"#737373\"><font face=\"Source Sans Pro\"><font style=\"font-size: 11pt\" size=\"3\"><br><\/font><\/font><\/font><em><font color=\"#737373\"><font face=\"Source Sans Pro\"><font style=\"font-size: 11pt\" size=\"3\">\u2022 La utilizaci\u00f3n del servidor de correo del dominio y de las direcciones de correo electr\u00f3nico para el env\u00edo de correo masivo no deseado.<\/font><\/font><\/font><\/em><\/p>\n<p><em><font color=\"#737373\"><font face=\"Source Sans Pro\"><font style=\"font-size: 11pt\" size=\"3\">El usuario tiene toda la responsabilidad sobre el contenido de su web, la informaci\u00f3n transmitida y almacenada, los enlaces de hipertexto, las reivindicaciones de terceros y las acciones legales en referencia a propiedad intelectual,<\/font><\/font><\/font><\/em><\/p>\n<p><em><font color=\"#737373\"><font face=\"Source Sans Pro\"><font style=\"font-size: 11pt\" size=\"3\"><b>Derechos de terceros y protecci\u00f3n de menores.<\/b><\/font><\/font><\/font><\/em><\/p>\n<p><em><font color=\"#737373\"><font face=\"Source Sans Pro\"><font style=\"font-size: 11pt\" size=\"3\">El usuario es responsable respecto a las leyes y reglamentos en vigor y las reglas que tienen que ver con el funcionamiento del servicio online, comercio electr\u00f3nico, derechos de autor, mantenimiento del orden p\u00fablico, as\u00ed como principios universales de uso de Internet.<\/font><\/font><\/font><\/em><\/p>\n<p><em><font color=\"#737373\"><font face=\"Source Sans Pro\"><font style=\"font-size: 11pt\" size=\"3\">El usuario indemnizar\u00e1 a Cartopap por los gastos que generara la imputaci\u00f3n de <\/font><\/font><\/font><\/em><em><font color=\"#737373\"><font face=\"Source Sans Pro\"><font style=\"font-size: 11pt\" size=\"3\">Cartopap en alguna causa cuya responsabilidad fuera atribuible al usuario, incluidos honorarios y gastos de defensa jur\u00eddica, incluso en el caso de una decisi\u00f3n judicial no definitiva.<\/font><\/font><\/font><\/em><\/p>\n<p><em><font color=\"#737373\"><font face=\"Source Sans Pro\"><font style=\"font-size: 11pt\" size=\"3\"><b>Protecci\u00f3n de la informaci\u00f3n alojada<\/b><\/font><\/font><\/font><\/em><\/p>\n<p><em><font color=\"#737373\"><font face=\"Source Sans Pro\"><font style=\"font-size: 11pt\" size=\"3\">Cartopap realiza copias de seguridad de los contenidos alojados en sus servidores, sin embargo no se responsabiliza de la p\u00e9rdida o el<br>borrado accidental de los datos por parte de los usuarios. De igual manera, no garantiza la reposici\u00f3n total de los datos borrados por<br>los usuarios, ya que los citados datos podr\u00edan haber sido suprimidos y\/o modificados durante el periodo del tiempo transcurrido desde la \u00faltima copia de seguridad.<\/font><\/font><\/font><\/em><\/p>\n<p><em><font color=\"#737373\"><font face=\"Source Sans Pro\"><font style=\"font-size: 11pt\" size=\"3\">Los servicios ofertados, excepto los servicios espec\u00edficos de backup, no incluyen la reposici\u00f3n de los contenidos conservados en las copias de seguridad realizadas por Cartopap, cuando esta p\u00e9rdida sea imputable al usuario; en este caso, se determinar\u00e1 una tarifa acorde a la complejidad y volumen de la recuperaci\u00f3n, siempre previa aceptaci\u00f3n del usuario.<\/font><\/font><\/font><\/em><\/p>\n<p><em><font color=\"#737373\"><font face=\"Source Sans Pro\"><font style=\"font-size: 11pt\" size=\"3\">La reposici\u00f3n de datos borrados s\u00f3lo est\u00e1 incluida en el precio del servicio cuando la p\u00e9rdida del contenido sea debida a causas atribuibles a Cartopap.<\/font><\/font><\/font><\/em><\/p>\n<p><em><font color=\"#737373\"><font face=\"Source Sans Pro\"><font style=\"font-size: 11pt\" size=\"3\"><b>Comunicaciones comerciales<\/b><\/font><\/font><\/font><\/em><\/p>\n<p><em><font color=\"#737373\"><font face=\"Source Sans Pro\"><font style=\"font-size: 11pt\" size=\"3\">En aplicaci\u00f3n de la LSSI. Cartopap no enviar\u00e1 comunicaciones publicitarias o promocionales por correo electr\u00f3nico u otro medio de comunicaci\u00f3n electr\u00f3nica equivalente que previamente no hubieran sido solicitadas o expresamente autorizadas por los destinatarios de las mismas.<\/font><\/font><\/font><\/em><\/p>\n<p><em><font color=\"#737373\"><font face=\"Source Sans Pro\"><font style=\"font-size: 11pt\" size=\"3\">En el caso de usuarios con los que exista una relaci\u00f3n contractual previa, Cartopap_ s\u00ed est\u00e1 autorizado al env\u00edo de comunicaciones comerciales referentes a productos o servicios de Cartopap que sean similares a los que inicialmente fueron objeto de contrataci\u00f3n con el cliente.<\/font><\/font><\/font><\/em><\/p>\n<p><em><font color=\"#737373\"><font face=\"Source Sans Pro\"><font style=\"font-size: 11pt\" size=\"3\">En todo caso, el usuario, tras acreditar su identidad, podr\u00e1 solicitar que no se le haga llegar m\u00e1s informaci\u00f3n comercial a trav\u00e9s de los canales de Atenci\u00f3n al Cliente.<\/font><\/font><\/font><\/em><\/p>\n<p><style type=\"text\/css\">p { line-height: 115%; margin-bottom: 0.25cm; background: transparent }em { font-style: italic\u00a0<\/style>\n<\/p>\t\t\t\t\t\t<\/div>\n\t\t\t\t<\/div>\n\t\t\t\t\t<\/div>\n\t\t<\/div>\n\t\t\t\t\t\t\t<\/div>\n\t\t<\/section>\n\t\t\t\t\t\t\t<\/div>\n\t\t","protected":false},"excerpt":{"rendered":"<p>Protecci\u00f3n de datos de car\u00e1cter personal seg\u00fan la LOPD-GDD Cartopap,en aplicaci\u00f3n de la normativa vigente en materia de protecci\u00f3n de datos de car\u00e1cter personal, informa que los datos personales que se recogen a trav\u00e9s de los formularios del Sitio web: www.cartopap.com, se incluyen en los ficheros automatizados espec\u00edficos de usuarios de los servicios de Cartopap. [&hellip;]<\/p>\n","protected":false},"author":1,"featured_media":0,"parent":0,"menu_order":0,"comment_status":"closed","ping_status":"closed","template":"","meta":[],"_links":{"self":[{"href":"https:\/\/www.cartopap.com\/web\/wp-json\/wp\/v2\/pages\/35"}],"collection":[{"href":"https:\/\/www.cartopap.com\/web\/wp-json\/wp\/v2\/pages"}],"about":[{"href":"https:\/\/www.cartopap.com\/web\/wp-json\/wp\/v2\/types\/page"}],"author":[{"embeddable":true,"href":"https:\/\/www.cartopap.com\/web\/wp-json\/wp\/v2\/users\/1"}],"replies":[{"embeddable":true,"href":"https:\/\/www.cartopap.com\/web\/wp-json\/wp\/v2\/comments?post=35"}],"version-history":[{"count":67,"href":"https:\/\/www.cartopap.com\/web\/wp-json\/wp\/v2\/pages\/35\/revisions"}],"predecessor-version":[{"id":313,"href":"https:\/\/www.cartopap.com\/web\/wp-json\/wp\/v2\/pages\/35\/revisions\/313"}],"wp:attachment":[{"href":"https:\/\/www.cartopap.com\/web\/wp-json\/wp\/v2\/media?parent=35"}],"curies":[{"name":"wp","href":"https:\/\/api.w.org\/{rel}","templated":true}]}}