{"id":22,"date":"2022-06-30T14:50:24","date_gmt":"2022-06-30T14:50:24","guid":{"rendered":"https:\/\/www.cartopap.com\/web\/?page_id=22"},"modified":"2022-06-30T18:28:46","modified_gmt":"2022-06-30T18:28:46","slug":"historia","status":"publish","type":"page","link":"https:\/\/www.cartopap.com\/web\/historia\/","title":{"rendered":"Historia"},"content":{"rendered":"\t\t<div data-elementor-type=\"wp-page\" data-elementor-id=\"22\" class=\"elementor elementor-22\">\n\t\t\t\t\t\t\t\t\t<section class=\"elementor-section elementor-top-section elementor-element elementor-element-3966dc0 elementor-section-boxed elementor-section-height-default elementor-section-height-default\" data-id=\"3966dc0\" data-element_type=\"section\">\n\t\t\t\t\t\t<div class=\"elementor-container elementor-column-gap-default\">\n\t\t\t\t\t<div class=\"elementor-column elementor-col-100 elementor-top-column elementor-element elementor-element-8ffdc80\" data-id=\"8ffdc80\" data-element_type=\"column\">\n\t\t\t<div class=\"elementor-widget-wrap elementor-element-populated\">\n\t\t\t\t\t\t\t\t<div class=\"elementor-element elementor-element-fa993c7 elementor-widget elementor-widget-text-editor\" data-id=\"fa993c7\" data-element_type=\"widget\" data-widget_type=\"text-editor.default\">\n\t\t\t\t<div class=\"elementor-widget-container\">\n\t\t\t<style>\/*! elementor - v3.6.7 - 03-07-2022 *\/\n.elementor-widget-text-editor.elementor-drop-cap-view-stacked .elementor-drop-cap{background-color:#818a91;color:#fff}.elementor-widget-text-editor.elementor-drop-cap-view-framed .elementor-drop-cap{color:#818a91;border:3px solid;background-color:transparent}.elementor-widget-text-editor:not(.elementor-drop-cap-view-default) .elementor-drop-cap{margin-top:8px}.elementor-widget-text-editor:not(.elementor-drop-cap-view-default) .elementor-drop-cap-letter{width:1em;height:1em}.elementor-widget-text-editor .elementor-drop-cap{float:left;text-align:center;line-height:1;font-size:50px}.elementor-widget-text-editor .elementor-drop-cap-letter{display:inline-block}<\/style>\t\t\t\t\t\t\t\t\t\t<\/div>\n\t\t\t\t<\/div>\n\t\t\t\t<div class=\"elementor-element elementor-element-988f131 elementor-widget__width-initial elementor-widget elementor-widget-text-editor\" data-id=\"988f131\" data-element_type=\"widget\" data-settings=\"{&quot;_animation&quot;:&quot;none&quot;}\" data-widget_type=\"text-editor.default\">\n\t\t\t\t<div class=\"elementor-widget-container\">\n\t\t\t\t\t\t\t<p><!-- wp:paragraph --><\/p>\n<p>Cartopap se fund\u00f3 en 1973 para proporcionar a los clientes espa\u00f1oles soportes gr\u00e1ficos europeos de alta calidad, de dificil acceso en ese momento debido a problemas log\u00edsticos, falta de contacto con las f\u00e1bricas y altos precios, especialmente por la existencia de aranceles que proteg\u00edan a la industria nacional.<\/p>\n<p><!-- \/wp:paragraph --><\/p>\n<p><!-- wp:paragraph --><\/p>\n<p>Con el tiempo, algunas representadas de Cartopap incrementaron su presencia en el mercado espa\u00f1ol con tanto \u00e9xito que decidieron establecer su propia oficina de ventas en Espa\u00f1a. Ello nos oblig\u00f3 a buscar nuevas f\u00e1bricas interesadas en tener una presencia regular en el mercado espa\u00f1ol, b\u00e1sicamente en el sector del embalaje.<\/p>\n<p><!-- \/wp:paragraph --><\/p>\t\t\t\t\t\t<\/div>\n\t\t\t\t<\/div>\n\t\t\t\t\t<\/div>\n\t\t<\/div>\n\t\t\t\t\t\t\t<\/div>\n\t\t<\/section>\n\t\t\t\t\t\t\t<\/div>\n\t\t","protected":false},"excerpt":{"rendered":"<p>Cartopap se fund\u00f3 en 1973 para proporcionar a los clientes espa\u00f1oles soportes gr\u00e1ficos europeos de alta calidad, de dificil acceso en ese momento debido a problemas log\u00edsticos, falta de contacto con las f\u00e1bricas y altos precios, especialmente por la existencia de aranceles que proteg\u00edan a la industria nacional. Con el tiempo, algunas representadas de Cartopap [&hellip;]<\/p>\n","protected":false},"author":1,"featured_media":0,"parent":0,"menu_order":0,"comment_status":"closed","ping_status":"closed","template":"","meta":[],"_links":{"self":[{"href":"https:\/\/www.cartopap.com\/web\/wp-json\/wp\/v2\/pages\/22"}],"collection":[{"href":"https:\/\/www.cartopap.com\/web\/wp-json\/wp\/v2\/pages"}],"about":[{"href":"https:\/\/www.cartopap.com\/web\/wp-json\/wp\/v2\/types\/page"}],"author":[{"embeddable":true,"href":"https:\/\/www.cartopap.com\/web\/wp-json\/wp\/v2\/users\/1"}],"replies":[{"embeddable":true,"href":"https:\/\/www.cartopap.com\/web\/wp-json\/wp\/v2\/comments?post=22"}],"version-history":[{"count":46,"href":"https:\/\/www.cartopap.com\/web\/wp-json\/wp\/v2\/pages\/22\/revisions"}],"predecessor-version":[{"id":185,"href":"https:\/\/www.cartopap.com\/web\/wp-json\/wp\/v2\/pages\/22\/revisions\/185"}],"wp:attachment":[{"href":"https:\/\/www.cartopap.com\/web\/wp-json\/wp\/v2\/media?parent=22"}],"curies":[{"name":"wp","href":"https:\/\/api.w.org\/{rel}","templated":true}]}}