{"id":20,"date":"2022-06-30T14:48:59","date_gmt":"2022-06-30T14:48:59","guid":{"rendered":"https:\/\/www.cartopap.com\/web\/?page_id=20"},"modified":"2022-07-27T11:09:38","modified_gmt":"2022-07-27T11:09:38","slug":"representaciones","status":"publish","type":"page","link":"https:\/\/www.cartopap.com\/web\/representaciones\/","title":{"rendered":"Representaciones"},"content":{"rendered":"\t\t<div data-elementor-type=\"wp-page\" data-elementor-id=\"20\" class=\"elementor elementor-20\">\n\t\t\t\t\t\t\t\t\t<section class=\"elementor-section elementor-top-section elementor-element elementor-element-2286509 elementor-section-boxed elementor-section-height-default elementor-section-height-default\" data-id=\"2286509\" data-element_type=\"section\">\n\t\t\t\t\t\t<div class=\"elementor-container elementor-column-gap-default\">\n\t\t\t\t\t<div class=\"elementor-column elementor-col-50 elementor-top-column elementor-element elementor-element-407dc65\" data-id=\"407dc65\" data-element_type=\"column\">\n\t\t\t<div class=\"elementor-widget-wrap elementor-element-populated\">\n\t\t\t\t\t\t\t\t<div class=\"elementor-element elementor-element-99e983d elementor-widget elementor-widget-image\" data-id=\"99e983d\" data-element_type=\"widget\" data-widget_type=\"image.default\">\n\t\t\t\t<div class=\"elementor-widget-container\">\n\t\t\t<style>\/*! elementor - v3.6.7 - 03-07-2022 *\/\n.elementor-widget-image{text-align:center}.elementor-widget-image a{display:inline-block}.elementor-widget-image a img[src$=\".svg\"]{width:48px}.elementor-widget-image img{vertical-align:middle;display:inline-block}<\/style>\t\t\t\t\t\t\t\t\t\t\t\t<img width=\"800\" height=\"351\" src=\"https:\/\/www.cartopap.com\/web\/wp-content\/uploads\/2022\/07\/SK-Herzberg-Plant-931x408-1.jpg\" class=\"attachment-large size-large\" alt=\"\" loading=\"lazy\" srcset=\"https:\/\/www.cartopap.com\/web\/wp-content\/uploads\/2022\/07\/SK-Herzberg-Plant-931x408-1.jpg 931w, https:\/\/www.cartopap.com\/web\/wp-content\/uploads\/2022\/07\/SK-Herzberg-Plant-931x408-1-300x131.jpg 300w, https:\/\/www.cartopap.com\/web\/wp-content\/uploads\/2022\/07\/SK-Herzberg-Plant-931x408-1-768x337.jpg 768w\" sizes=\"(max-width: 800px) 100vw, 800px\" \/>\t\t\t\t\t\t\t\t\t\t\t\t\t\t\t<\/div>\n\t\t\t\t<\/div>\n\t\t\t\t\t<\/div>\n\t\t<\/div>\n\t\t\t\t<div class=\"elementor-column elementor-col-50 elementor-top-column elementor-element elementor-element-87e3e7c\" data-id=\"87e3e7c\" data-element_type=\"column\">\n\t\t\t<div class=\"elementor-widget-wrap\">\n\t\t\t\t\t\t\t\t\t<\/div>\n\t\t<\/div>\n\t\t\t\t\t\t\t<\/div>\n\t\t<\/section>\n\t\t\t\t<section class=\"elementor-section elementor-top-section elementor-element elementor-element-24bcfd12 elementor-section-boxed elementor-section-height-default elementor-section-height-default\" data-id=\"24bcfd12\" data-element_type=\"section\">\n\t\t\t\t\t\t<div class=\"elementor-container elementor-column-gap-default\">\n\t\t\t\t\t<div class=\"elementor-column elementor-col-100 elementor-top-column elementor-element elementor-element-16bf08e3\" data-id=\"16bf08e3\" data-element_type=\"column\">\n\t\t\t<div class=\"elementor-widget-wrap elementor-element-populated\">\n\t\t\t\t\t\t\t\t<div class=\"elementor-element elementor-element-202e9ba6 elementor-widget elementor-widget-text-editor\" data-id=\"202e9ba6\" data-element_type=\"widget\" data-settings=\"{&quot;_animation&quot;:&quot;none&quot;}\" data-widget_type=\"text-editor.default\">\n\t\t\t\t<div class=\"elementor-widget-container\">\n\t\t\t<style>\/*! elementor - v3.6.7 - 03-07-2022 *\/\n.elementor-widget-text-editor.elementor-drop-cap-view-stacked .elementor-drop-cap{background-color:#818a91;color:#fff}.elementor-widget-text-editor.elementor-drop-cap-view-framed .elementor-drop-cap{color:#818a91;border:3px solid;background-color:transparent}.elementor-widget-text-editor:not(.elementor-drop-cap-view-default) .elementor-drop-cap{margin-top:8px}.elementor-widget-text-editor:not(.elementor-drop-cap-view-default) .elementor-drop-cap-letter{width:1em;height:1em}.elementor-widget-text-editor .elementor-drop-cap{float:left;text-align:center;line-height:1;font-size:50px}.elementor-widget-text-editor .elementor-drop-cap-letter{display:inline-block}<\/style>\t\t\t\t<p><!-- wp:paragraph --><\/p>\n<p><b><a href=\"http:\/\/www.smurfitkappa.com\" target=\"_blank\" rel=\"noopener\">Smurfit Kappa Herzberg Solid Board<\/a><\/b><\/p>\n<p><!-- \/wp:paragraph --><\/p>\n<p><!-- wp:list --><\/p>\n<ul>\n<li>Situada en Herzberg am Harz, al sur de Hannover, en la regi\u00f3n de Baja Sajonia.<\/li>\n<li>Capacidad superior a 285.000 tons anuales de cart\u00f3n compacto basado en fibra 100% reciclada.<\/li>\n<li>Disponible en hojas a partir de 300 gm2 y en bobinas a partir de 150 gm2.<\/li>\n<li>Dos m\u00e1quinas de cart\u00f3n: KM3 (150-450 gm2) y KM1 (450-950 gm2), ambas de 320 cms de ancho.<\/li>\n<li>Una contracoladora (700-2.250 gm2) de 314 cms de ancho.<\/li>\n<li>Certificados: ISO 9001, ISO 14001, ISO 18001, EN 15593, FSC, etc.<\/li>\n<\/ul>\n<p><!-- \/wp:list --><\/p>\n<p><!-- wp:paragraph --><\/p>\n<p>&nbsp;&nbsp;&nbsp;&nbsp;&nbsp; M\u00e1s informaci\u00f3n en la web de la f\u00e1brica <a href=\"http:\/\/www.smurfitkappa.com\" target=\"_blank\" rel=\"noopener\">www.smurfitkappa.com<\/a><\/p>\n<p><!-- \/wp:paragraph --><\/p>\n<p><!-- wp:paragraph --><\/p>\n<div><br><\/div>\n<div>&nbsp;<b><a href=\"http:\/\/www.papmandeure.com\" target=\"_blank\" rel=\"noopener\">Papeterie de Mandeure<\/a><\/b><\/div>\n<p><!-- \/wp:paragraph --><\/p>\n<p><!-- wp:list --><\/p>\n<ul>\n<li>Pertenece al Grupo Exaclair.<\/li>\n<li>Situada en la regi\u00f3n del Jura, en el este de Francia, cerca de las fronteras suiza y alemana.<\/li>\n<li>Capacidad anual: 30.000 tons de papeles y cartulinas 100% pasta qu\u00edmica, disponibles en hojas y bobinas.<\/li>\n<li>Sectores: tickets, archivo, gr\u00e1fico y especialidades (alimentaci\u00f3n, tarjetas, etc.)<\/li>\n<li>Gramajes: de 100 a 600 gm2 en una ampl\u00edsima gama de colores.<\/li>\n<li>Equipamiento: una m\u00e1quina de doble tela, size press y dos calandras para control de calibre y ajuste de lisura.<\/li>\n<li>Ventajas de Mandeure: igualdad de superficie en ambas caras, amplia gama de lisuras, uniformidad de color.<\/li>\n<li>Certificados: ISO 9001, ISO 14001, FSC, ISEGA.<\/li>\n<\/ul>\n<p><!-- \/wp:list --><\/p>\n<p><!-- wp:paragraph --><\/p>\n<p>&nbsp;&nbsp;&nbsp;&nbsp;&nbsp; M\u00e1s informaci\u00f3n en la web de la f\u00e1brica&nbsp; <a href=\"http:\/\/www.papmandeure.com\" target=\"_blank\" rel=\"noopener\">www.papmandeure.com<\/a><\/p>\n<p><!-- \/wp:paragraph --><\/p>\n<p><!-- wp:paragraph --><\/p>\n<p><\/p>\n<p><!-- \/wp:paragraph --><\/p>\n<p><!-- wp:paragraph --><\/p>\n<p><br><\/p><p><b><a href=\"http:\/\/www.akomex.com\" target=\"_blank\" rel=\"noopener\">Akomex Group<\/a><\/b><\/p>\n<p><!-- \/wp:paragraph --><\/p>\n<p><!-- wp:list --><\/p>\n<ul>\n<li>Situada en Starogard Gdanski, cerca de Gdansk, Polonia<\/li>\n<li>Planta de contraencolado de cart\u00f3n compacto con film para la industria de la alimentaci\u00f3n: pescado, carne, pasteler\u00eda, etc.<\/li>\n<li>Film poliester (PET) oro, plata, negro, transparente, etc.<\/li>\n<li>Gramajes finales entre 340 y 1400 gm2<\/li>\n<li>Certificados ISO 9001, ISO 14001, BRC IoP, FSC.<\/li>\n<\/ul>\n<p><!-- \/wp:list --><\/p>\n<p><!-- wp:paragraph --><\/p>\n<p>&nbsp;&nbsp;&nbsp;&nbsp;&nbsp; M\u00e1s informaci\u00f3n en la web de la f\u00e1brica&nbsp; <a href=\"http:\/\/www.akomex.com\" target=\"_blank\" rel=\"noopener\">www.akomex.com<\/a><\/p>\n<p><!-- \/wp:paragraph --><\/p>\t\t\t\t\t\t<\/div>\n\t\t\t\t<\/div>\n\t\t\t\t\t<\/div>\n\t\t<\/div>\n\t\t\t\t\t\t\t<\/div>\n\t\t<\/section>\n\t\t\t\t\t\t\t<\/div>\n\t\t","protected":false},"excerpt":{"rendered":"<p>Smurfit Kappa Herzberg Solid Board Situada en Herzberg am Harz, al sur de Hannover, en la regi\u00f3n de Baja Sajonia. Capacidad superior a 285.000 tons anuales de cart\u00f3n compacto basado en fibra 100% reciclada. Disponible en hojas a partir de 300 gm2 y en bobinas a partir de 150 gm2. Dos m\u00e1quinas de cart\u00f3n: KM3 [&hellip;]<\/p>\n","protected":false},"author":1,"featured_media":0,"parent":0,"menu_order":0,"comment_status":"closed","ping_status":"closed","template":"","meta":[],"_links":{"self":[{"href":"https:\/\/www.cartopap.com\/web\/wp-json\/wp\/v2\/pages\/20"}],"collection":[{"href":"https:\/\/www.cartopap.com\/web\/wp-json\/wp\/v2\/pages"}],"about":[{"href":"https:\/\/www.cartopap.com\/web\/wp-json\/wp\/v2\/types\/page"}],"author":[{"embeddable":true,"href":"https:\/\/www.cartopap.com\/web\/wp-json\/wp\/v2\/users\/1"}],"replies":[{"embeddable":true,"href":"https:\/\/www.cartopap.com\/web\/wp-json\/wp\/v2\/comments?post=20"}],"version-history":[{"count":50,"href":"https:\/\/www.cartopap.com\/web\/wp-json\/wp\/v2\/pages\/20\/revisions"}],"predecessor-version":[{"id":341,"href":"https:\/\/www.cartopap.com\/web\/wp-json\/wp\/v2\/pages\/20\/revisions\/341"}],"wp:attachment":[{"href":"https:\/\/www.cartopap.com\/web\/wp-json\/wp\/v2\/media?parent=20"}],"curies":[{"name":"wp","href":"https:\/\/api.w.org\/{rel}","templated":true}]}}