{"id":16,"date":"2022-06-30T14:45:19","date_gmt":"2022-06-30T14:45:19","guid":{"rendered":"https:\/\/www.cartopap.com\/web\/?page_id=16"},"modified":"2022-07-06T06:50:05","modified_gmt":"2022-07-06T06:50:05","slug":"productos","status":"publish","type":"page","link":"https:\/\/www.cartopap.com\/web\/productos\/","title":{"rendered":"Productos"},"content":{"rendered":"\t\t<div data-elementor-type=\"wp-page\" data-elementor-id=\"16\" class=\"elementor elementor-16\">\n\t\t\t\t\t\t\t\t\t<section class=\"elementor-section elementor-top-section elementor-element elementor-element-1746894e elementor-section-boxed elementor-section-height-default elementor-section-height-default\" data-id=\"1746894e\" data-element_type=\"section\">\n\t\t\t\t\t\t<div class=\"elementor-container elementor-column-gap-default\">\n\t\t\t\t\t<div class=\"elementor-column elementor-col-100 elementor-top-column elementor-element elementor-element-4902a4b2\" data-id=\"4902a4b2\" data-element_type=\"column\">\n\t\t\t<div class=\"elementor-widget-wrap elementor-element-populated\">\n\t\t\t\t\t\t\t\t<div class=\"elementor-element elementor-element-49f10cfa elementor-widget elementor-widget-text-editor\" data-id=\"49f10cfa\" data-element_type=\"widget\" data-settings=\"{&quot;_animation&quot;:&quot;none&quot;}\" data-widget_type=\"text-editor.default\">\n\t\t\t\t<div class=\"elementor-widget-container\">\n\t\t\t<style>\/*! elementor - v3.6.7 - 03-07-2022 *\/\n.elementor-widget-text-editor.elementor-drop-cap-view-stacked .elementor-drop-cap{background-color:#818a91;color:#fff}.elementor-widget-text-editor.elementor-drop-cap-view-framed .elementor-drop-cap{color:#818a91;border:3px solid;background-color:transparent}.elementor-widget-text-editor:not(.elementor-drop-cap-view-default) .elementor-drop-cap{margin-top:8px}.elementor-widget-text-editor:not(.elementor-drop-cap-view-default) .elementor-drop-cap-letter{width:1em;height:1em}.elementor-widget-text-editor .elementor-drop-cap{float:left;text-align:center;line-height:1;font-size:50px}.elementor-widget-text-editor .elementor-drop-cap-letter{display:inline-block}<\/style>\t\t\t\t<p><!-- wp:paragraph --><\/p>\n<p><b>Principales calidades de nuestras representadas<\/b><\/p>\n<p><b><a href=\"http:\/\/www.smurfitkappa.com\" target=\"_blank\">Smurfit Kappa Herzberg Solid Board<\/a><\/b><\/p>\n<p><!-- \/wp:paragraph --><!-- wp:paragraph --><\/p>\n<ul>\n<li>Cart\u00f3n compacto blanco y crudo, 1\/c y 2\/c para cajas y bandejas de alimentaci\u00f3n.<\/li>\n<li>Cart\u00f3n kraft con polietileno y tratamiento hidr\u00f3fugo para cajas de congelados.<\/li>\n<li>Cart\u00f3n de alto rendimiento HP-Board.<\/li>\n<li>Cart\u00f3n gris para separadores, rejillas, etc.<\/li>\n<\/ul>\n<p><!-- \/wp:paragraph --><!-- wp:paragraph --><\/p>\n<p><b><a href=\"http:\/\/www.smurfitkappa.com\" target=\"_blank\" rel=\"noopener\"><\/a><a href=\"https:\/\/www.papmandeure.com\/\" target=\"_blank\">Papeterie de Mandeure <\/a><\/b><\/p>\n<p><!-- \/wp:paragraph --><!-- wp:paragraph --><\/p>\n<ul>\n<li>Cartulina contraencolada de gran rigidez para tarjetas de fidelizaci\u00f3n, regalo y membres\u00eda.<\/li>\n<li>Cartulina antigrasa 100% fibra virgen para contacto alimentario, apta para horno convencional y microondas.<\/li>\n<li>Cartulina calibrada para billeter\u00eda (parking, autopistas, transporte p\u00fablico).<\/li>\n<li>Cartulina marmorizada para carpetas.<\/li>\n<li>Cartulina de colores para carpetas, archivadores, dossiers, tarjetas, texto y cubierta, folletos, publicidad<\/li>\n<\/ul>\n<p><!-- \/wp:paragraph --><!-- wp:paragraph --><\/p>\n<p><b><a href=\"http:\/\/www.akomex.com\" target=\"_blank\">Akomex<\/a><\/b><\/p>\n<p><!-- \/wp:paragraph --><!-- wp:paragraph --><\/p>\n<ul>\n<li>Complejos metalizados para alimentaci\u00f3n: salm\u00f3n ahumado, embutido, pasteler\u00eda, pizzas, carne.<\/li>\n<\/ul>\n<p><!-- \/wp:paragraph --><!-- wp:paragraph --><\/p>\n<p><br><\/p>\n<p><\/p>\n<p><!-- \/wp:paragraph --><\/p>\t\t\t\t\t\t<\/div>\n\t\t\t\t<\/div>\n\t\t\t\t\t<\/div>\n\t\t<\/div>\n\t\t\t\t\t\t\t<\/div>\n\t\t<\/section>\n\t\t\t\t\t\t\t<\/div>\n\t\t","protected":false},"excerpt":{"rendered":"<p>Principales calidades de nuestras representadas Smurfit Kappa Herzberg Solid Board Cart\u00f3n compacto blanco y crudo, 1\/c y 2\/c para cajas y bandejas de alimentaci\u00f3n. Cart\u00f3n kraft con polietileno y tratamiento hidr\u00f3fugo para cajas de congelados. Cart\u00f3n de alto rendimiento HP-Board. Cart\u00f3n gris para separadores, rejillas, etc. Papeterie de Mandeure Cartulina contraencolada de gran rigidez para [&hellip;]<\/p>\n","protected":false},"author":1,"featured_media":0,"parent":0,"menu_order":0,"comment_status":"closed","ping_status":"closed","template":"","meta":[],"_links":{"self":[{"href":"https:\/\/www.cartopap.com\/web\/wp-json\/wp\/v2\/pages\/16"}],"collection":[{"href":"https:\/\/www.cartopap.com\/web\/wp-json\/wp\/v2\/pages"}],"about":[{"href":"https:\/\/www.cartopap.com\/web\/wp-json\/wp\/v2\/types\/page"}],"author":[{"embeddable":true,"href":"https:\/\/www.cartopap.com\/web\/wp-json\/wp\/v2\/users\/1"}],"replies":[{"embeddable":true,"href":"https:\/\/www.cartopap.com\/web\/wp-json\/wp\/v2\/comments?post=16"}],"version-history":[{"count":26,"href":"https:\/\/www.cartopap.com\/web\/wp-json\/wp\/v2\/pages\/16\/revisions"}],"predecessor-version":[{"id":316,"href":"https:\/\/www.cartopap.com\/web\/wp-json\/wp\/v2\/pages\/16\/revisions\/316"}],"wp:attachment":[{"href":"https:\/\/www.cartopap.com\/web\/wp-json\/wp\/v2\/media?parent=16"}],"curies":[{"name":"wp","href":"https:\/\/api.w.org\/{rel}","templated":true}]}}